{"id":68809,"date":"2023-07-12T11:40:37","date_gmt":"2023-07-12T11:40:37","guid":{"rendered":"https:\/\/esav.ipv.pt\/study\/mestrado-em-qualidade-e-tecnologia-alimentar\/"},"modified":"2024-03-13T17:02:31","modified_gmt":"2024-03-13T17:02:31","slug":"mestrado-em-qualidade-e-tecnologia-alimentar","status":"publish","type":"page","link":"https:\/\/esav.ipv.pt\/en\/study\/mestrado-em-qualidade-e-tecnologia-alimentar\/","title":{"rendered":"Mestrado em Qualidade e Tecnologia Alimentar"},"content":{"rendered":"<p>[et_pb_section fb_built=&#8221;1&#8243; _builder_version=&#8221;4.21.0&#8243; _module_preset=&#8221;76b42161-a657-40ce-8147-c3d1d32e62a0&#8243; use_background_color_gradient=&#8221;on&#8221; background_color_gradient_stops=&#8221;rgba(43,46,52,0.43) 0%|rgba(43,46,52,0.43) 100%&#8221; background_color_gradient_overlays_image=&#8221;on&#8221; background_color_gradient_start=&#8221;rgba(43,46,52,0.43)&#8221; background_color_gradient_end=&#8221;rgba(43,46,52,0.43)&#8221; background_image=&#8221;https:\/\/esav.ipv.pt\/wp-content\/uploads\/sites\/7\/2023\/07\/Mestrado-Qualidade-e-Tecnologia-Alimentar.png&#8221; collapsed=&#8221;on&#8221; global_colors_info=&#8221;{}&#8221;][et_pb_row _builder_version=&#8221;4.21.0&#8243; _module_preset=&#8221;f5c90bbb-b39a-4d65-af55-f7db7f1dfa90&#8243; global_colors_info=&#8221;{}&#8221;][et_pb_column type=&#8221;4_4&#8243; _builder_version=&#8221;4.16&#8243; _module_preset=&#8221;default&#8221; global_colors_info=&#8221;{}&#8221;][et_pb_text admin_label=&#8221;Text&#8221; _builder_version=&#8221;4.21.0&#8243; _module_preset=&#8221;113f3722-53e0-4b39-a0f6-4b57c5723745&#8243; text_font=&#8221;|800|||||||&#8221; text_font_size=&#8221;60px&#8221; text_line_height=&#8221;64px&#8221; hover_enabled=&#8221;0&#8243; global_colors_info=&#8221;{}&#8221; sticky_enabled=&#8221;0&#8243;]<\/p>\n<h2>MSc in Food Quality and Technology<\/h2>\n<p>[\/et_pb_text][\/et_pb_column][\/et_pb_row][\/et_pb_section][et_pb_section fb_built=&#8221;1&#8243; _builder_version=&#8221;4.21.0&#8243; _module_preset=&#8221;default&#8221; background_color=&#8221;#F2F2F2&#8243; custom_padding=&#8221;0px||0px||true|false&#8221; sticky_position=&#8221;top&#8221; locked=&#8221;off&#8221; global_colors_info=&#8221;{}&#8221;][et_pb_row _builder_version=&#8221;4.21.0&#8243; _module_preset=&#8221;default&#8221; custom_padding=&#8221;0px|10%|0px|10%|true|true&#8221; global_colors_info=&#8221;%91%93&#8243;][et_pb_column type=&#8221;4_4&#8243; _builder_version=&#8221;4.21.0&#8243; _module_preset=&#8221;default&#8221; border_width_bottom=&#8221;1px&#8221; border_color_bottom=&#8221;#2B2E34&#8243; global_colors_info=&#8221;{}&#8221;][et_pb_menu menu_id=&#8221;20&#8243; module_class=&#8221;ipv-page-submenu&#8221; _builder_version=&#8221;4.21.0&#8243; _module_preset=&#8221;default&#8221; menu_text_color=&#8221;#2B2E34&#8243; menu_font_size=&#8221;13px&#8221; background_color=&#8221;RGBA(255,255,255,0)&#8221; custom_padding=&#8221;5px||5px||true|false&#8221; global_colors_info=&#8221;{}&#8221;][\/et_pb_menu][\/et_pb_column][\/et_pb_row][\/et_pb_section][et_pb_section fb_built=&#8221;1&#8243; admin_label=&#8221;bloco1&#8243; _builder_version=&#8221;4.16&#8243; _module_preset=&#8221;11efd47b-f499-43ce-8757-778f007b8fbc&#8221; collapsed=&#8221;on&#8221; global_colors_info=&#8221;{}&#8221;][et_pb_row column_structure=&#8221;2_3,1_3&#8243; _builder_version=&#8221;4.21.0&#8243; _module_preset=&#8221;2758da5a-af7f-4ba8-a44a-04bda405ae79&#8243; max_width=&#8221;2560px&#8221; global_colors_info=&#8221;{}&#8221;][et_pb_column type=&#8221;2_3&#8243; _builder_version=&#8221;4.16&#8243; _module_preset=&#8221;default&#8221; global_colors_info=&#8221;{}&#8221;][et_pb_text _builder_version=&#8221;4.21.0&#8243; _module_preset=&#8221;6150732f-2171-4f69-8785-79a2e334a76d&#8221; hover_enabled=&#8221;0&#8243; global_colors_info=&#8221;{}&#8221; sticky_enabled=&#8221;0&#8243;]<\/p>\n<h3>Presentation<\/h3>\n<p>&nbsp;<\/p>\n<p>The Master&#8217;s Degree in Food Quality and Technology (approved by order of the Minister of Science, Technology and Higher Education of 23 October 2008), of the Escola Superior Agr\u00e1ria de Viseu, was planned taking into account the specifications provided for in Decree-Law 74\/2006, of 24 March.<\/p>\n<p>This Master&#8217;s Degree enables a highly demanding training in the area of Quality and Food Technology, allowing to integrate, complement and develop required skills at the most advanced level (2nd degree in the course of the year).<\/p>\n<p>The curricular structure of the Master&#8217;s Degree in Food Quality and Technology, whose study plan was published in the Official Gazette on 13 February 2009 (2nd Series \u2013 n\u00ba31), amended by Order no. 10550\/2015 &#8211; Di\u00e1rio da Rep\u00fablica no. 185\/2015, Series of 2015-09-22, consists in the first year of a teaching component composed of several curricular units belonging to various scientific areas, followed in the second year by a component that will correspond to the preparation of the dissertation.<\/p>\n<p>&nbsp;<\/p>\n<p>&nbsp;<\/p>\n<h3>Objectives and Skills<\/h3>\n<p>&nbsp;<\/p>\n<p>The general objectives of this Master&#8217;s course in Food Quality and Technology are the acquisition and deepening of technical and scientific knowledge in the area of Food Quality and Technology.<\/p>\n<p>The specific objectives of the cycle of studies leading to the Master&#8217;s degree in Food Quality and Technology are:<\/p>\n<ul>\n<li style=\"list-style-type: none\">\n<ul>\n<li>Deepening of knowledge of operations and processes in the food industry, in order to control the reactions in food during processing and storage;<\/li>\n<li>Understand and have the ability to execute and implement modern analytical techniques associated with food, as well as demonstrate expertise in the application of modern laboratory techniques of analysis;<\/li>\n<li>Ability to select the appropriate analytical technique for a specific problem associated with the area of Food Engineering and Quality and the design of new foods and processes;<\/li>\n<li>Describe the physical properties of foods and experimentally determine their values using various instrumental methods, as well as using sensory analysis, with a view to optimizing and formulating food products;<\/li>\n<li>Understand the role of microorganisms and enzymes in the preparation, use and transformation of food products in an innovative vision;<br \/>Understand the principles associated with the design, planning and management of food processes using new solutions;<br \/>Describe the chemical, biochemical, physical and enzymatic factors underlying the synthesis and metabolism of foodstuffs;<\/li>\n<li>Understand the source and variability of raw materials, as well as the new ways of obtaining them, in terms of their use in food preparation and also understand their impact on food processing\/design operations;<br \/>Develop the ability to establish and understand transport processes and unit operations in food processing both conceptually and experimentally;<\/li>\n<li>Understand the current principles and practices of processing techniques and the effects of processing parameters on the quality of food products and relate them to development and innovation in the food industry;<br \/>Design, apply and statistically interpret sensory analysis methods to assess the quality or preference of food with a view to consumer satisfaction as well as in the creation of new food products;<\/li>\n<li>Understand the ethical aspects associated with the use of new raw materials and new processes involved in the production and marketing of novel foods;<br \/>Contribute to quality certification and food safety programs.<\/li>\n<\/ul>\n<\/li>\n<\/ul>\n<p>[\/et_pb_text][et_pb_toggle title=&#8221;Study Plan&#8221; _builder_version=&#8221;4.21.0&#8243; _module_preset=&#8221;f8686759-1d0c-488a-b40d-2bb050ec69e2&#8243; body_font_size=&#8221;12px&#8221; body_line_height=&#8221;1.1em&#8221; hover_enabled=&#8221;0&#8243; global_colors_info=&#8221;{}&#8221; sticky_enabled=&#8221;0&#8243;]<\/p>\n<p>&nbsp;<\/p>\n<table border=\"1\" style=\"border-collapse: collapse;width: 83.2954%;height: 497px\">\n<tbody>\n<tr style=\"height: 24px\">\n<td bgcolor=\"#e4e4e4\" style=\"border-style: solid;border-color: #ffffff;background-color: #e4e4e4;width: 29.1052%;height: 90px;text-align: center\">\n<h4>Curriculum Unit<\/h4>\n<\/td>\n<td style=\"border-style: solid;border-color: #ffffff;background-color: #e4e4e4;width: 23.8765%;height: 90px;text-align: center\">\n<h4>Regime<\/h4>\n<\/td>\n<td bgcolor=\"#e4e4e4\" style=\"border-style: solid;border-color: #ffffff;background-color: #e4e4e4;width: 13.3143%;height: 90px;text-align: center\">\n<h4>Work load Hours Contact<\/h4>\n<\/td>\n<td bgcolor=\"#e4e4e4\" style=\"border-style: solid;border-color: #ffffff;background-color: #e4e4e4;width: 16.8485%;height: 90px;text-align: center\">\n<h4>ECTS<\/h4>\n<\/td>\n<\/tr>\n<tr>\n<td style=\"width: 83.1445%;border-bottom: 1px solid #707070\" colspan=\"4\"><span>1\u00ba Ano<\/span><\/td>\n<\/tr>\n<tr style=\"height: 24px\">\n<td style=\"width: 29.1052%;height: 24px;border-bottom: 1px solid #707070\">Food and Human Nutrition<\/td>\n<td style=\"width: 23.8765%;border-bottom: 1px solid #707070;height: 24px;text-align: center\"><span>Semestral<\/span><\/td>\n<td style=\"width: 13.3143%;height: 24px;border-bottom: 1px solid #707070;text-align: center\">50<\/td>\n<td style=\"width: 16.8485%;height: 24px;border-bottom: 1px solid #707070;text-align: center\">5,5<\/td>\n<\/tr>\n<tr style=\"height: 24px\">\n<td style=\"width: 29.1052%;height: 24px;border-bottom: 1px solid #707070\">Industrial Management and Technological Design<\/td>\n<td style=\"width: 23.8765%;border-bottom: 1px solid #707070;height: 24px;text-align: center\"><span> Semestral<\/span><\/td>\n<td style=\"width: 13.3143%;height: 24px;border-bottom: 1px solid #707070;text-align: center\">35<\/td>\n<td style=\"width: 16.8485%;height: 24px;border-bottom: 1px solid #707070;text-align: center\">5<\/td>\n<\/tr>\n<tr style=\"height: 24px\">\n<td style=\"width: 29.1052%;height: 24px;border-bottom: 1px solid #707070\">Hygiene and Safety in the Food Industry<\/td>\n<td style=\"width: 23.8765%;border-bottom: 1px solid #707070;height: 24px;text-align: center\"><span>\u00a0Semestral\u00a0<\/span><\/td>\n<td style=\"width: 13.3143%;height: 24px;border-bottom: 1px solid #707070;text-align: center\">44<\/td>\n<td style=\"width: 16.8485%;height: 24px;border-bottom: 1px solid #707070;text-align: center\">5<\/td>\n<\/tr>\n<tr style=\"height: 24px\">\n<td style=\"width: 29.1052%;height: 24px;border-bottom: 1px solid #707070\">Food Biotechnology<\/td>\n<td style=\"width: 23.8765%;border-bottom: 1px solid #707070;height: 24px;text-align: center\"><span> Semestral<\/span><\/td>\n<td style=\"width: 13.3143%;height: 24px;border-bottom: 1px solid #707070;text-align: center\">32<\/td>\n<td style=\"width: 16.8485%;height: 24px;border-bottom: 1px solid #707070;text-align: center\">3<\/td>\n<\/tr>\n<tr style=\"height: 24px\">\n<td style=\"width: 29.1052%;height: 24px;border-bottom: 1px solid #707070\">Instrumental and Sensory Analysis<\/td>\n<td style=\"width: 23.8765%;border-bottom: 1px solid #707070;height: 24px;text-align: center\"><span> Semestral<\/span><\/td>\n<td style=\"width: 13.3143%;height: 24px;border-bottom: 1px solid #707070;text-align: center\">55<\/td>\n<td style=\"width: 16.8485%;height: 24px;border-bottom: 1px solid #707070;text-align: center\">6<\/td>\n<\/tr>\n<tr style=\"height: 24px\">\n<td style=\"width: 29.1052%;height: 24px;border-bottom: 1px solid #707070\">Instrumentation and Process Control<\/td>\n<td style=\"width: 23.8765%;border-bottom: 1px solid #707070;height: 24px;text-align: center\"><span> Semestral<\/span><\/td>\n<td style=\"width: 13.3143%;height: 24px;border-bottom: 1px solid #707070;text-align: center\">32<\/td>\n<td style=\"width: 16.8485%;height: 24px;border-bottom: 1px solid #707070;text-align: center\">3<\/td>\n<\/tr>\n<tr style=\"height: 24px\">\n<td style=\"width: 29.1052%;height: 24px;border-bottom: 1px solid #707070\">Experimental Data Engineering<\/td>\n<td style=\"width: 23.8765%;border-bottom: 1px solid #707070;height: 24px;text-align: center\"><span> Semestral<\/span><\/td>\n<td style=\"width: 13.3143%;height: 24px;border-bottom: 1px solid #707070;text-align: center\">45<\/td>\n<td style=\"width: 16.8485%;height: 24px;border-bottom: 1px solid #707070;text-align: center\">5,5<\/td>\n<\/tr>\n<tr style=\"height: 24px\">\n<td style=\"width: 29.1052%;height: 24px;border-bottom: 1px solid #707070\">Food Quality Management<\/td>\n<td style=\"width: 23.8765%;border-bottom: 1px solid #707070;height: 24px;text-align: center\"><span>\u00a0Semestral\u00a0<\/span><\/td>\n<td style=\"width: 13.3143%;height: 24px;border-bottom: 1px solid #707070;text-align: center\">46<\/td>\n<td style=\"width: 16.8485%;height: 24px;border-bottom: 1px solid #707070;text-align: center\">5<\/td>\n<\/tr>\n<tr style=\"height: 48px\">\n<td style=\"width: 29.1052%;height: 23px;border-bottom: 1px solid #707070\">Applied Food Technologies<a href=\"https:\/\/www.esav.ipv.pt\/images\/st_edu\/content\/esav\/Artigos\/MQTA\/Programas\/Programa%20Emp%20(MQTA)13-14%5b1%5d.pdf\" target=\"_blank\" rel=\"noopener\"><span><\/span><\/a><\/td>\n<td style=\"width: 23.8765%;border-bottom: 1px solid #707070;height: 23px;text-align: center\"><span> Semestral<\/span><\/td>\n<td style=\"width: 13.3143%;height: 23px;border-bottom: 1px solid #707070;text-align: center\">55<\/td>\n<td style=\"width: 16.8485%;height: 23px;border-bottom: 1px solid #707070;text-align: center\">6<\/td>\n<\/tr>\n<tr style=\"height: 24px\">\n<td style=\"width: 29.1052%;height: 24px;border-bottom: 1px solid #707070\">Biochemistry of Technological Processes<\/td>\n<td style=\"width: 23.8765%;border-bottom: 1px solid #707070;height: 24px;text-align: center\"><span> Semestral<\/span><\/td>\n<td style=\"width: 13.3143%;height: 24px;border-bottom: 1px solid #707070;text-align: center\">38<\/td>\n<td style=\"width: 16.8485%;height: 24px;border-bottom: 1px solid #707070;text-align: center\">4<\/td>\n<\/tr>\n<tr style=\"height: 24px\">\n<td style=\"width: 29.1052%;height: 24px;border-bottom: 1px solid #707070\">Effluent Treatment and Environmental Quality<\/td>\n<td style=\"width: 23.8765%;border-bottom: 1px solid #707070;height: 24px;text-align: center\"><span>\u00a0Semestral\u00a0<\/span><\/td>\n<td style=\"width: 13.3143%;height: 24px;border-bottom: 1px solid #707070;text-align: center\">32<\/td>\n<td style=\"width: 16.8485%;height: 24px;border-bottom: 1px solid #707070;text-align: center\">3<\/td>\n<\/tr>\n<tr style=\"height: 24px\">\n<td style=\"width: 29.1052%;height: 24px;border-bottom: 1px solid #707070\">Biotoxicology<\/td>\n<td style=\"width: 23.8765%;border-bottom: 1px solid #707070;height: 24px;text-align: center\"><span> Semestral<\/span><\/td>\n<td style=\"width: 13.3143%;height: 24px;border-bottom: 1px solid #707070;text-align: center\">32<\/td>\n<td style=\"width: 16.8485%;height: 24px;border-bottom: 1px solid #707070;text-align: center\">3<\/td>\n<\/tr>\n<tr style=\"height: 24px\">\n<td style=\"width: 29.1052%;border-bottom: 1px solid #707070;height: 24px\">Dietetics and Healthy Eating<\/td>\n<td style=\"width: 23.8765%;border-bottom: 1px solid #707070;height: 24px;text-align: center\"><span>\u00a0Semestral\u00a0<\/span><\/td>\n<td style=\"width: 13.3143%;border-bottom: 1px solid #707070;text-align: center;height: 24px\">32<\/td>\n<td style=\"width: 16.8485%;border-bottom: 1px solid #707070;text-align: center;height: 24px\">3<\/td>\n<\/tr>\n<tr style=\"height: 24px\">\n<td style=\"width: 29.1052%;border-bottom: 1px solid #707070;height: 24px\">Entrepreneurship<\/td>\n<td style=\"width: 23.8765%;border-bottom: 1px solid #707070;height: 24px;text-align: center\"><span> Semestral<\/span><\/td>\n<td style=\"width: 13.3143%;border-bottom: 1px solid #707070;text-align: center;height: 24px\">32<\/td>\n<td style=\"width: 16.8485%;border-bottom: 1px solid #707070;text-align: center;height: 24px\">3<\/td>\n<\/tr>\n<tr style=\"height: 24px\">\n<td style=\"width: 29.1052%;border-bottom: 1px solid #707070;height: 24px\"><\/td>\n<td style=\"width: 23.8765%;border-bottom: 1px solid #707070;text-align: center;height: 24px\"><span>\u00a0<\/span><\/td>\n<td style=\"width: 13.3143%;border-bottom: 1px solid #707070;text-align: center;height: 24px\"><\/td>\n<td style=\"width: 16.8485%;border-bottom: 1px solid #707070;text-align: center;height: 24px\"><\/td>\n<\/tr>\n<tr>\n<td style=\"width: 29.1052%;border-bottom: 1px solid #707070\"><span>2\u00baAno<\/span><\/td>\n<td style=\"width: 23.8765%;border-bottom: 1px solid #707070;text-align: center\"><span>\u00a0<\/span><\/td>\n<td style=\"width: 13.3143%;border-bottom: 1px solid #707070;text-align: center\"><\/td>\n<td style=\"width: 16.8485%;border-bottom: 1px solid #707070;text-align: center\"><\/td>\n<\/tr>\n<tr style=\"height: 24px\">\n<td style=\"width: 29.1052%;height: 24px;border-bottom: 1px solid #707070\"><span>Disserta\u00e7\u00e3o ou Projeto<\/span><\/td>\n<td style=\"width: 23.8765%;border-bottom: 1px solid #707070;text-align: center;height: 24px\"><span>Annual<\/span><\/td>\n<td style=\"width: 13.3143%;height: 24px;border-bottom: 1px solid #707070;text-align: center\">40<\/td>\n<td style=\"width: 16.8485%;height: 24px;border-bottom: 1px solid #707070;text-align: center\">60<\/td>\n<\/tr>\n<\/tbody>\n<\/table>\n<p>[\/et_pb_toggle][\/et_pb_column][et_pb_column type=&#8221;1_3&#8243; _builder_version=&#8221;4.16&#8243; _module_preset=&#8221;default&#8221; global_colors_info=&#8221;{}&#8221;][et_pb_text _builder_version=&#8221;4.21.0&#8243; _module_preset=&#8221;6150732f-2171-4f69-8785-79a2e334a76d&#8221; link_font=&#8221;PV Sans Regular||||on|||RGBA(0,0,0,0)|&#8221; hover_enabled=&#8221;0&#8243; global_colors_info=&#8221;{}&#8221; sticky_enabled=&#8221;0&#8243;]<\/p>\n<p><strong>Course:<\/strong><br \/>Food Quality &amp; Technology<\/p>\n<p><strong>Training field:<\/strong><br \/>Manufacturing<\/p>\n<p><strong>Degree or Diploma:<\/strong><br \/>Postgraduate\/Master&#8217;s Degree<\/p>\n<p><strong>Duration:<\/strong><br \/>2 academic years \/ 4 semesters<\/p>\n<p><strong>Departament:<\/strong><br \/>Departamento de Ind\u00fastrias Alimentares (DIA)<\/p>\n<p><strong>Director:<\/strong><br \/><span style=\"color: #339966\"><a style=\"color: #339966\" href=\"mailto:mjoaolimaesav.ipv.pt\">Maria Jo\u00e3o Reis Lima<\/a><\/span><\/p>\n<p><strong>Regime:<\/strong><br \/>Diurnal<\/p>\n<p><strong>Number of ECTS to obtain the degree:<\/strong><br \/>120 ECTS<\/p>\n<p>[\/et_pb_text][et_pb_text _builder_version=&#8221;4.21.0&#8243; _module_preset=&#8221;6150732f-2171-4f69-8785-79a2e334a76d&#8221; link_font=&#8221;PV Sans Regular||||on|||RGBA(0,0,0,0)|&#8221; link_text_color=&#8221;#19AC49&#8243; custom_padding=&#8221;||0px|||&#8221; hover_enabled=&#8221;0&#8243; global_colors_info=&#8221;{}&#8221; sticky_enabled=&#8221;0&#8243;]<\/p>\n<p><strong>Main Scientific Field<\/strong><br \/>Food Science and Technology<\/p>\n<p><strong>Admission Requirements :<\/strong><br \/>Local Application<\/p>\n<p><strong>Course Code\/Ner:<\/strong><br \/>3185 \/ M068<\/p>\n<p><strong>Prerequisites:<\/strong><br \/>No prerequisites.<\/p>\n<p>[\/et_pb_text][et_pb_toggle title=&#8221;Avalia\u00e7\u00e3o\/Acredita\u00e7\u00e3o do Curso pela A3ES&#8221; _builder_version=&#8221;4.21.0&#8243; _module_preset=&#8221;f8686759-1d0c-488a-b40d-2bb050ec69e2&#8243; hover_enabled=&#8221;0&#8243; global_colors_info=&#8221;{}&#8221; disabled_on=&#8221;on|on|on&#8221; disabled=&#8221;on&#8221; sticky_enabled=&#8221;0&#8243;]<\/p>\n<p><strong>Decis\u00e3o e data da publicita\u00e7\u00e3o:<\/strong><\/p>\n<p>&nbsp;<\/p>\n<blockquote>\n<p><span style=\"color: #19ac49\">Acreditado (6 anos) | 06-03-2015<\/span><\/p>\n<\/blockquote>\n<blockquote>\n<p><strong>Relat\u00f3rio final do CAE:<\/strong> <a title=\"Delibera\u00e7\u00e3o da A3ES\" href=\"https:\/\/www.a3es.pt\/pt\/resultados-acreditacao\/mestrado-em-qualidade-e-tecnologia-alimentar-0\" target=\"_blank\" rel=\"noopener\">consultar delibera\u00e7\u00e3o da A3ES<\/a><\/p>\n<\/blockquote>\n<blockquote>\n<p><strong>Relat\u00f3rio anual no \u00e2mbito do SIGQ:<\/strong><\/p>\n<p><a title=\"Relat\u00f3rio Curso 2017-2018\" href=\"https:\/\/esav.ipv.pt\/wp-content\/uploads\/sites\/7\/2023\/07\/0304503054.pdf\" target=\"_blank\" rel=\"noopener\">Relat\u00f3rio Curso 2017-2018<\/a><\/p>\n<p><a title=\"Relat\u00f3rio Curso 2018-2019\" href=\"https:\/\/esav.ipv.pt\/wp-content\/uploads\/sites\/7\/2023\/07\/Relatorio_CE_MQTA_2018-2019.pdf\" target=\"_blank\" rel=\"noopener\">Relat\u00f3rio Curso 2018-2019<\/a><\/p>\n<\/blockquote>\n<blockquote>\n<p><strong>Relat\u00f3rio CAE no \u00e2mbito do SIGQ IPV<\/strong><br \/><a href=\"https:\/\/esav.ipv.pt\/wp-content\/uploads\/sites\/7\/2023\/07\/Relatorio-final-da-CAE-SIGQ.pdf\" target=\"_blank\" rel=\"noopener\">Relat\u00f3rio<\/a><\/p>\n<p>&nbsp;<\/p>\n<\/blockquote>\n<blockquote>\n<p><strong>Relat\u00f3rio Autoavalia\u00e7\u00e3o<\/strong><br \/><a href=\"https:\/\/esav.ipv.pt\/wp-content\/uploads\/sites\/7\/2023\/07\/A3ES-MQTA-2014.pdf\" target=\"_blank\" rel=\"noopener\">Relat\u00f3rio<\/a><\/p>\n<\/blockquote>\n<p>[\/et_pb_toggle][\/et_pb_column][\/et_pb_row][et_pb_row column_structure=&#8221;1_2,1_2&#8243; _builder_version=&#8221;4.16&#8243; _module_preset=&#8221;2758da5a-af7f-4ba8-a44a-04bda405ae79&#8243; global_colors_info=&#8221;{}&#8221;][et_pb_column type=&#8221;1_2&#8243; _builder_version=&#8221;4.16&#8243; _module_preset=&#8221;default&#8221; global_colors_info=&#8221;{}&#8221;][et_pb_code _builder_version=&#8221;4.16&#8243; _module_preset=&#8221;default&#8221; global_colors_info=&#8221;{}&#8221;][\/et_pb_code][\/et_pb_column][et_pb_column type=&#8221;1_2&#8243; _builder_version=&#8221;4.16&#8243; _module_preset=&#8221;default&#8221; global_colors_info=&#8221;{}&#8221;][\/et_pb_column][\/et_pb_row][\/et_pb_section]<\/p>\n","protected":false},"excerpt":{"rendered":"<p>MSc in Food Quality and TechnologyPresentation &nbsp; The Master&#8217;s Degree in Food Quality and Technology (approved by order of the Minister of Science, Technology and Higher Education of 23 October [&hellip;]<\/p>\n","protected":false},"author":1,"featured_media":0,"parent":54865,"menu_order":0,"comment_status":"closed","ping_status":"closed","template":"","meta":{"_et_pb_use_builder":"on","_et_pb_old_content":"","_et_gb_content_width":"","inline_featured_image":false,"footnotes":""},"class_list":["post-68809","page","type-page","status-publish","hentry"],"_links":{"self":[{"href":"https:\/\/esav.ipv.pt\/en\/wp-json\/wp\/v2\/pages\/68809","targetHints":{"allow":["GET"]}}],"collection":[{"href":"https:\/\/esav.ipv.pt\/en\/wp-json\/wp\/v2\/pages"}],"about":[{"href":"https:\/\/esav.ipv.pt\/en\/wp-json\/wp\/v2\/types\/page"}],"author":[{"embeddable":true,"href":"https:\/\/esav.ipv.pt\/en\/wp-json\/wp\/v2\/users\/1"}],"replies":[{"embeddable":true,"href":"https:\/\/esav.ipv.pt\/en\/wp-json\/wp\/v2\/comments?post=68809"}],"version-history":[{"count":3,"href":"https:\/\/esav.ipv.pt\/en\/wp-json\/wp\/v2\/pages\/68809\/revisions"}],"predecessor-version":[{"id":68813,"href":"https:\/\/esav.ipv.pt\/en\/wp-json\/wp\/v2\/pages\/68809\/revisions\/68813"}],"up":[{"embeddable":true,"href":"https:\/\/esav.ipv.pt\/en\/wp-json\/wp\/v2\/pages\/54865"}],"wp:attachment":[{"href":"https:\/\/esav.ipv.pt\/en\/wp-json\/wp\/v2\/media?parent=68809"}],"curies":[{"name":"wp","href":"https:\/\/api.w.org\/{rel}","templated":true}]}}