{"id":68799,"date":"2023-07-12T11:38:15","date_gmt":"2023-07-12T11:38:15","guid":{"rendered":"https:\/\/esav.ipv.pt\/mestrado-em-enfermagem-veterinaria-em-animais-de-companhia\/"},"modified":"2024-08-08T14:38:58","modified_gmt":"2024-08-08T14:38:58","slug":"mestrado-em-enfermagem-veterinaria-em-animais-de-companhia","status":"publish","type":"page","link":"https:\/\/esav.ipv.pt\/en\/mestrado-em-enfermagem-veterinaria-em-animais-de-companhia\/","title":{"rendered":"Mestrado em Enfermagem Veterin\u00e1ria em Animais de Companhia"},"content":{"rendered":"<p>[et_pb_section fb_built=&#8221;1&#8243; _builder_version=&#8221;4.21.0&#8243; _module_preset=&#8221;c4b3c7cd-aa0a-4e43-b1ad-f89ec05e17e3&#8243; use_background_color_gradient=&#8221;on&#8221; background_color_gradient_stops=&#8221;rgba(43,46,52,0.43) 0%|rgba(43,46,52,0.43) 100%&#8221; background_color_gradient_overlays_image=&#8221;on&#8221; background_color_gradient_start=&#8221;rgba(43,46,52,0.43)&#8221; background_color_gradient_end=&#8221;rgba(43,46,52,0.43)&#8221; background_image=&#8221;https:\/\/esav.ipv.pt\/wp-content\/uploads\/sites\/7\/2023\/07\/Enfermagem-Veterinaria.png&#8221; background_position=&#8221;bottom_center&#8221; collapsed=&#8221;on&#8221; global_colors_info=&#8221;{}&#8221; custom_css_main_element_phone=&#8221;min-height: 30vh;||display: flex;||align-items: center;||justify-content: center;&#8221;][et_pb_row _builder_version=&#8221;4.21.0&#8243; _module_preset=&#8221;f5c90bbb-b39a-4d65-af55-f7db7f1dfa90&#8243; global_colors_info=&#8221;{}&#8221;][et_pb_column type=&#8221;4_4&#8243; _builder_version=&#8221;4.16&#8243; _module_preset=&#8221;default&#8221; global_colors_info=&#8221;{}&#8221;][et_pb_text admin_label=&#8221;Text&#8221; _builder_version=&#8221;4.21.0&#8243; _module_preset=&#8221;113f3722-53e0-4b39-a0f6-4b57c5723745&#8243; text_font=&#8221;|800|||||||&#8221; text_font_size=&#8221;60px&#8221; text_line_height=&#8221;64px&#8221; header_font_size=&#8221;60px&#8221; header_font_size_phone=&#8221;40px&#8221; header_line_height_phone=&#8221;50px&#8221; global_colors_info=&#8221;{}&#8221;]<\/p>\n<h4><span style=\"text-decoration: underline\">Mestrados<\/span><\/h4>\n<h1>Enfermagem Veterin\u00e1ria em Animais de Companhia<\/h1>\n<p>[\/et_pb_text][\/et_pb_column][\/et_pb_row][\/et_pb_section][et_pb_section fb_built=&#8221;1&#8243; _builder_version=&#8221;4.21.0&#8243; _module_preset=&#8221;default&#8221; background_color=&#8221;#F2F2F2&#8243; custom_padding=&#8221;0px||0px||true|false&#8221; sticky_position=&#8221;top&#8221; locked=&#8221;off&#8221; global_colors_info=&#8221;{}&#8221;][et_pb_row _builder_version=&#8221;4.21.0&#8243; _module_preset=&#8221;default&#8221; custom_padding=&#8221;0px|10%|0px|10%|true|true&#8221; global_colors_info=&#8221;%91%93&#8243;][et_pb_column type=&#8221;4_4&#8243; _builder_version=&#8221;4.21.0&#8243; _module_preset=&#8221;default&#8221; border_width_bottom=&#8221;1px&#8221; border_color_bottom=&#8221;#2B2E34&#8243; global_colors_info=&#8221;{}&#8221;][et_pb_menu menu_id=&#8221;20&#8243; module_class=&#8221;ipv-page-submenu&#8221; _builder_version=&#8221;4.21.0&#8243; _module_preset=&#8221;default&#8221; menu_text_color=&#8221;#2B2E34&#8243; background_color=&#8221;RGBA(255,255,255,0)&#8221; custom_padding=&#8221;5px||5px||true|false&#8221; global_colors_info=&#8221;{}&#8221;][\/et_pb_menu][\/et_pb_column][\/et_pb_row][\/et_pb_section][et_pb_section fb_built=&#8221;1&#8243; admin_label=&#8221;bloco1&#8243; _builder_version=&#8221;4.16&#8243; _module_preset=&#8221;a4717612-af6b-4935-b3eb-83d8a04eecdd&#8221; custom_padding=&#8221;9px||9px||true|false&#8221; collapsed=&#8221;off&#8221; global_colors_info=&#8221;{}&#8221;][et_pb_row column_structure=&#8221;2_3,1_3&#8243; _builder_version=&#8221;4.21.0&#8243; _module_preset=&#8221;968418cf-e585-4fa9-a5f9-c03258c6f091&#8243; max_width=&#8221;2560px&#8221; custom_padding=&#8221;50px|10%||10%|false|true&#8221; global_colors_info=&#8221;{}&#8221;][et_pb_column type=&#8221;2_3&#8243; _builder_version=&#8221;4.16&#8243; _module_preset=&#8221;default&#8221; global_colors_info=&#8221;{}&#8221;][et_pb_text _builder_version=&#8221;4.21.0&#8243; _module_preset=&#8221;6150732f-2171-4f69-8785-79a2e334a76d&#8221; text_font_size=&#8221;16px&#8221; header_2_font_size=&#8221;40px&#8221; global_colors_info=&#8221;{}&#8221;]<\/p>\n<h4><span style=\"text-decoration: underline\">Enfermagem Veterin\u00e1ria em Animais de Companhia<\/span><\/h4>\n<h2>Apresenta\u00e7\u00e3o<\/h2>\n<p>Ciclo de Estudos conducente ao <em><strong>Grau de Mestre em Enfermagem Veterin\u00e1ria em Animais de Companhia<\/strong><\/em>, grau conjunto dos Institutos Polit\u00e9cnicos de Bragan\u00e7a, Castelo Branco, Portalegre, Viana do Castelo e Viseu.<\/p>\n<p>Este mestrado possibilita uma forma\u00e7\u00e3o profissionalizante de elevada qualidade a rec\u00e9m-licenciados ou profissionais da \u00e1rea da Ci\u00eancias Veterin\u00e1rias, permitindo desenvolver e consolidar compet\u00eancias exigidas ao n\u00edvel do 2\u00ba ciclo de Bolonha, atento \u00e0s exig\u00eancias do mercado de trabalho, num enquadramento de aprendizagem ao longo da vida.<\/p>\n<p>O ciclo de estudos conducente ao grau de Mestre em Enfermagem Veterin\u00e1ria de Animais de Companhia emerge da ado\u00e7\u00e3o do novo modelo de forma\u00e7\u00e3o e do aprofundamento dum perfil profissional pelo mercado empregador e traduz a inova\u00e7\u00e3o e o aperfei\u00e7oamento pedag\u00f3gico conseguidos n\u00e3o s\u00f3 pela forma\u00e7\u00e3o acad\u00e9mica, ao n\u00edvel de doutoramento, dos docentes envolvidos nesta proposta de mestrado, mas tamb\u00e9m pela multidisciplinaridade dessa sua forma\u00e7\u00e3o, pela sua experi\u00eancia em atividades de forma\u00e7\u00e3o p\u00f3s graduada e de investiga\u00e7\u00e3o cient\u00edfica, pela sua experi\u00eancia de participa\u00e7\u00e3o em projetos realizados em colabora\u00e7\u00e3o com empresas e outras entidades\/institui\u00e7\u00f5es de sa\u00fade e sociais, p\u00fablicas e privadas.<\/p>\n<p>As institui\u00e7\u00f5es envolvidas neste Mestrado t\u00eam, simultaneamente, em diferentes \u00e2mbitos, prestado \u00e0 comunidade servi\u00e7os de transfer\u00eancia de tecnologia, de forma\u00e7\u00e3o e de consultadoria, bem como participado em projetos nacionais e internacionais de investiga\u00e7\u00e3o e desenvolvimento. O franco crescimentos dos Mestrados nestas Institui\u00e7\u00f5es s\u00e3o prova disso, e as licenciaturas em Enfermagem Veterin\u00e1ria n\u00e3o podem ser exce\u00e7\u00e3o. Para al\u00e9m de mestrados especializados em \u00e1reas mais procuradas perfilam-se j\u00e1 tamb\u00e9m p\u00f3s gradua\u00e7\u00f5es, de menor dura\u00e7\u00e3o e com maior grau de especializa\u00e7\u00e3o. O perfil profissionalizante e novas \u00e1reas de atividade que emergem do desenvolvimento da Sa\u00fade Animal e das preocupa\u00e7\u00f5es com o Bem-Estar justificam e complementam esta atitude proactiva de novos conhecimentos e novas forma\u00e7\u00f5es em Ci\u00eancias Veterin\u00e1rias.<\/p>\n<p>O grau de Mestre ser\u00e1 conferido aos formandos que obtenham aprova\u00e7\u00e3o nas unidades curriculares que integram o plano de estudos do curso e no acto p\u00fablico de defesa do Projecto, perfazendo um total de 120 cr\u00e9ditos.<\/p>\n<p>Aos formandos que tenham aprova\u00e7\u00e3o \u00e0 parte escolar do mestrado, num total de 60 cr\u00e9ditos, \u00e9 conferido um Diploma de Especializa\u00e7\u00e3o P\u00f3s-Graduada.<\/p>\n<p><a title=\"Apresenta\u00e7\u00e3o - Atribui\u00e7\u00e3o de grau de Mestre\" href=\"https:\/\/www.esav.ipv.pt\/index.php\/cursos\/mestrados?id=61\"><strong>Atribui\u00e7\u00e3o de grau de Mestre<\/strong><\/a><\/p>\n<p>&nbsp;<\/p>\n<p>[\/et_pb_text][et_pb_toggle title=&#8221;Objetivos e Compet\u00eancias&#8221; _builder_version=&#8221;4.21.0&#8243; _module_preset=&#8221;c2643d29-0154-4926-bda2-07bd3f5bd4bc&#8221; global_colors_info=&#8221;{}&#8221;]<\/p>\n<p>O Mestrado em Enfermagem Veterin\u00e1ria de Animais de Companhia pretende formar profissionais com capacidade de investiga\u00e7\u00e3o, autonomia e esp\u00edrito cr\u00edtico na \u00e1rea da enfermagem veterin\u00e1ria e capazes de aplicar t\u00e9cnicas hospitalares modernas e eficazes. O objetivo ser\u00e1 a aquisi\u00e7\u00e3o de compet\u00eancias por parte dos estudantes que permitam conduzir \u00e0 melhoria da qualidade nos diversos sectores laborais, cl\u00ednicas e hospitalares, designadamente em \u00e1reas de imunologia, anestesiologia, nutri\u00e7\u00e3o e diet\u00e9tica em pequenos animais, t\u00e9cnicas de reabilita\u00e7\u00e3o f\u00edsica, bem como compet\u00eancias em animais ex\u00f3ticos, uma \u00e1rea inovadora e em desenvolvimento das Ci\u00eancias Veterin\u00e1rias.<\/p>\n<p>A interven\u00e7\u00e3o ser\u00e1 eficazmente complementada com as capacidades que desenvolveram ao longo da forma\u00e7\u00e3o: de comunicar, de trabalhar em grupo com equipas multidisciplinares, ser capaz de aprender por si pr\u00f3prio reconhecendo a import\u00e2ncia da forma\u00e7\u00e3o ao longo da vida e o empreendedorismo.<\/p>\n<p>[\/et_pb_toggle][et_pb_toggle title=&#8221;Plano de Estudos&#8221; _builder_version=&#8221;4.21.0&#8243; _module_preset=&#8221;c2643d29-0154-4926-bda2-07bd3f5bd4bc&#8221; global_colors_info=&#8221;{}&#8221;]<\/p>\n<table style=\"width: 712px\">\n<tbody><\/tbody>\n<caption><\/caption>\n<tbody>\n<tr>\n<th style=\"width: 183.781px;border-style: solid;border-color: #ffffff;background-color: #e4e4e4\"><strong>Unidade curricular<\/strong><\/th>\n<th style=\"width: 122.531px;border-style: solid;border-color: #ffffff;background-color: #e4e4e4\"><strong>\u00c1rea cient\u00edfica<\/strong><\/th>\n<th style=\"width: 71.3125px;border-style: solid;border-color: #ffffff;background-color: #e4e4e4\"><strong>Dura\u00e7\u00e3o<\/strong><\/th>\n<th style=\"width: 73.3125px;border-style: solid;border-color: #ffffff;background-color: #e4e4e4\"><strong>Horas de trabalho<\/strong><\/th>\n<th style=\"width: 150.641px;border-style: solid;border-color: #ffffff;background-color: #e4e4e4\"><strong>Horas de contacto<\/strong><\/th>\n<th style=\"width: 70.4219px;border-style: solid;border-color: #ffffff;background-color: #e4e4e4\"><strong>ECTS<\/strong><\/th>\n<\/tr>\n<tr style=\"border-style: solid;border-color: #e4e4e4\">\n<td colspan=\"6\" style=\"width: 702px\">1\u00ba semestre<\/td>\n<\/tr>\n<tr style=\"border-style: solid;border-color: #e4e4e4\">\n<td style=\"width: 183.781px\"><a href=\"https:\/\/www.esav.ipv.pt\/Documents\/UCs\/MEVAC\/4001001%20-%20Biotecnologia%20Animal.pdf\">Biotecnologia Animal<\/a><\/td>\n<td style=\"width: 122.531px;text-align: center\">Ci\u00eancias Veterin\u00e1rias<\/td>\n<td style=\"width: 71.3125px;text-align: center\">Semestral<\/td>\n<td style=\"width: 73.3125px;text-align: center\">150<\/td>\n<td style=\"width: 150.641px;text-align: center\">TP-20; PL-10; OT-20<\/td>\n<td style=\"width: 70.4219px;text-align: center\">6<\/td>\n<\/tr>\n<tr style=\"border-style: solid;border-color: #e4e4e4\">\n<td style=\"width: 183.781px\"><a href=\"https:\/\/www.esav.ipv.pt\/Documents\/UCs\/MEVAC\/4001002%20-%20Imunologia%20e%20Profilaxia.pdf\">Imunologia e Profilaxia<\/a><\/td>\n<td style=\"width: 122.531px;text-align: center\">Ci\u00eancias Veterin\u00e1rias<\/td>\n<td style=\"width: 71.3125px;text-align: center\">Semestral<\/td>\n<td style=\"width: 73.3125px;text-align: center\">150<\/td>\n<td style=\"width: 150.641px;text-align: center\">TP-30; OT-20<\/td>\n<td style=\"width: 70.4219px;text-align: center\">6<\/td>\n<\/tr>\n<tr style=\"border-style: solid;border-color: #e4e4e4\">\n<td style=\"width: 183.781px\"><a href=\"https:\/\/www.esav.ipv.pt\/Documents\/UCs\/MEVAC\/4001013%20-%20Tecnologias%20em%20Reprodu%C3%A7%C3%A3o%20Animal.pdf\">Tecnologias em Reprodu\u00e7\u00e3o Animal<\/a><\/td>\n<td style=\"width: 122.531px;text-align: center\">Ci\u00eancias Veterin\u00e1rias<\/td>\n<td style=\"width: 71.3125px;text-align: center\">Semestral<\/td>\n<td style=\"width: 73.3125px;text-align: center\">150<\/td>\n<td style=\"width: 150.641px;text-align: center\">TP-30; OT-20<\/td>\n<td style=\"width: 70.4219px;text-align: center\">6<\/td>\n<\/tr>\n<tr style=\"border-style: solid;border-color: #e4e4e4\">\n<td style=\"width: 183.781px\"><a href=\"https:\/\/www.esav.ipv.pt\/Documents\/UCs\/MEVAC\/4001004%20-%20An%C3%A1%C3%ADlises%20e%20T%C3%A9cnicas%20Laboratoriais.pdf\">An\u00e1lises e T\u00e9cnicas Laboratoriais<\/a><\/td>\n<td style=\"width: 122.531px;text-align: center\">Ci\u00eancias Veterin\u00e1rias<\/td>\n<td style=\"width: 71.3125px;text-align: center\">Semestral<\/td>\n<td style=\"width: 73.3125px;text-align: center\">150<\/td>\n<td style=\"width: 150.641px;text-align: center\">TP-20; PL-10; OT-20<\/td>\n<td style=\"width: 70.4219px;text-align: center\">6<\/td>\n<\/tr>\n<tr style=\"border-style: solid;border-color: #e4e4e4\">\n<td style=\"width: 183.781px\"><a href=\"https:\/\/www.esav.ipv.pt\/Documents\/UCs\/MEVAC\/4001005%20-%20M%C3%A9todos%20e%20T%C3%A9cnicas%20de%20Investiga%C3%A7%C3%A3o.pdf\">M\u00e9todos e T\u00e9cnicas de Investiga\u00e7\u00e3o<\/a><\/td>\n<td style=\"width: 122.531px;text-align: center\">Ci\u00eancias Veterin\u00e1rias<\/td>\n<td style=\"width: 71.3125px;text-align: center\">Semestral<\/td>\n<td style=\"width: 73.3125px;text-align: center\">150<\/td>\n<td style=\"width: 150.641px;text-align: center\">TP-30; OT-20<\/td>\n<td style=\"width: 70.4219px;text-align: center\">6<\/td>\n<\/tr>\n<\/tbody>\n<\/table>\n<table style=\"width: 707px\">\n<tbody><\/tbody>\n<caption><\/caption>\n<tbody>\n<tr>\n<th style=\"width: 192.5px\">2\u00ba semestre<\/th>\n<th style=\"width: 97.7031px\"><\/th>\n<th style=\"width: 78.9688px\"><\/th>\n<th style=\"width: 67.2656px\"><\/th>\n<th style=\"width: 129.219px\"><\/th>\n<th style=\"width: 101.344px\"><\/th>\n<\/tr>\n<tr style=\"border-style: solid;border-color: #e4e4e4\">\n<td style=\"width: 192.5px\"><a href=\"https:\/\/www.esav.ipv.pt\/Documents\/UCs\/MEVAC\/4001006%20-%20Monitoriza%C3%A7%C3%A3o%20Anest%C3%A9sica%20Intensiva.pdf\" target=\"_blank\" rel=\"noopener\">Monitoriza\u00e7\u00e3o Anest\u00e9sica Intensiva<\/a><\/td>\n<td style=\"width: 97.7031px;text-align: center\">Ci\u00eancias Veterin\u00e1rias<\/td>\n<td style=\"width: 78.9688px;text-align: center\">Semestral<\/td>\n<td style=\"width: 67.2656px;text-align: center\">100<\/td>\n<td style=\"width: 129.219px;text-align: center\">TP-13; PL-8; OT-12<\/td>\n<td style=\"width: 101.344px;text-align: center\">4<\/td>\n<\/tr>\n<tr style=\"border-style: solid;border-color: #e4e4e4\">\n<td style=\"width: 192.5px\"><a href=\"https:\/\/www.esav.ipv.pt\/Documents\/UCs\/MEVAC\/4001007%20-%20Nutri%C3%A7%C3%A3o%20e%20Diet%C3%A9tica%20em%20Pequenos%20Animais.pdf\" target=\"_blank\" rel=\"noopener\">Nutri\u00e7\u00e3o e Diet\u00e9tica em Pequenos Animais<\/a><\/td>\n<td style=\"width: 97.7031px;text-align: center\">Ci\u00eancias Veterin\u00e1rias<\/td>\n<td style=\"width: 78.9688px;text-align: center\">Semestral<\/td>\n<td style=\"width: 67.2656px;text-align: center\">100<\/td>\n<td style=\"width: 129.219px;text-align: center\">TP-15; OT-20<\/td>\n<td style=\"width: 101.344px;text-align: center\">4<\/td>\n<\/tr>\n<tr style=\"border-style: solid;border-color: #e4e4e4\">\n<td style=\"width: 192.5px\"><a href=\"https:\/\/www.esav.ipv.pt\/Documents\/UCs\/MEVAC\/4001008%20-%20Sa%C3%BAde%20Oral.pdf\" target=\"_blank\" rel=\"noopener\">Sa\u00fade Oral<\/a><\/td>\n<td style=\"width: 97.7031px;text-align: center\">Ci\u00eancias Veterin\u00e1rias<\/td>\n<td style=\"width: 78.9688px;text-align: center\">Semestral<\/td>\n<td style=\"width: 67.2656px;text-align: center\">125<\/td>\n<td style=\"width: 129.219px;text-align: center\">TP-15; PL-10; OT-20<\/td>\n<td style=\"width: 101.344px;text-align: center\">5<\/td>\n<\/tr>\n<tr style=\"border-style: solid;border-color: #e4e4e4\">\n<td style=\"width: 192.5px\"><a href=\"https:\/\/www.esav.ipv.pt\/Documents\/UCs\/MEVAC\/4001014%20-%20T%C3%A9cnicas%20Hospitalares.pdf\" target=\"_blank\" rel=\"noopener\">T\u00e9cnicas Hospitalares<\/a><\/td>\n<td style=\"width: 97.7031px;text-align: center\">Ci\u00eancias Veterin\u00e1rias<\/td>\n<td style=\"width: 78.9688px;text-align: center\">Semestral<\/td>\n<td style=\"width: 67.2656px;text-align: center\">150<\/td>\n<td style=\"width: 129.219px;text-align: center\">TP-23; OT-25<\/td>\n<td style=\"width: 101.344px;text-align: center\">6<\/td>\n<\/tr>\n<tr style=\"border-style: solid;border-color: #e4e4e4\">\n<td style=\"width: 192.5px\"><a href=\"https:\/\/www.esav.ipv.pt\/Documents\/UCs\/MEVAC\/4001015%20-%20T%C3%A9cnicas%20de%20Enfermagem%20Veterin%C3%A1%C3%ADria%20em%20Animais%20Ex%C3%B3ticos.pdf\" target=\"_blank\" rel=\"noopener\">T\u00e9cnicas de Enfermagem em Animais Ex\u00f3ticos<\/a><\/td>\n<td style=\"width: 97.7031px;text-align: center\">Ci\u00eancias Veterin\u00e1rias<\/td>\n<td style=\"width: 78.9688px;text-align: center\">Semestral<\/td>\n<td style=\"width: 67.2656px;text-align: center\">125<\/td>\n<td style=\"width: 129.219px;text-align: center\">TP-15; PL-6; OT-20<\/td>\n<td style=\"width: 101.344px;text-align: center\">5<\/td>\n<\/tr>\n<tr style=\"border-style: solid;border-color: #e4e4e4\">\n<td style=\"width: 192.5px\"><a href=\"https:\/\/www.esav.ipv.pt\/Documents\/UCs\/MEVAC\/4001011%20-%20T%C3%A9cnicas%20de%20Reabilita%C3%A7%C3%A3o%20F%C3%ADsica.pdf\" target=\"_blank\" rel=\"noopener\">T\u00e9cnicas de Reabilita\u00e7\u00e3o F\u00edsica<\/a><\/td>\n<td style=\"width: 97.7031px;text-align: center\">Ci\u00eancias Veterin\u00e1rias<\/td>\n<td style=\"width: 78.9688px;text-align: center\">Semestral<\/td>\n<td style=\"width: 67.2656px;text-align: center\">150<\/td>\n<td style=\"width: 129.219px;text-align: center\">TP-23; OT-25<\/td>\n<td style=\"width: 101.344px;text-align: center\">6<\/td>\n<\/tr>\n<\/tbody>\n<\/table>\n<table style=\"width: 711px\">\n<tbody><\/tbody>\n<caption>Plano de Estudos 2\u00ba ano<\/caption>\n<tbody>\n<tr style=\"border-style: solid;border-color: #e4e4e4\">\n<th colspan=\"6\" style=\"width: 701px\">2\u00ba Ano<\/th>\n<\/tr>\n<tr style=\"border-style: solid;border-color: #e4e4e4\">\n<td style=\"width: 192.562px\">Projeto<\/td>\n<td style=\"width: 98.2812px;text-align: center\">Ci\u00eancias Veterin\u00e1rias<\/td>\n<td style=\"width: 80.2344px;text-align: center\">Anual<\/td>\n<td style=\"width: 64.1875px;text-align: center\">1629<\/td>\n<td style=\"width: 129.375px;text-align: center\">\u00a0OT-304<\/td>\n<td style=\"width: 106.359px;text-align: center\">60<\/td>\n<\/tr>\n<\/tbody>\n<\/table>\n<p><span>T- Te\u00f3rica; TP- Te\u00f3rico-Pr\u00e1tica; PL- Pr\u00e1tica Laboratorial; S- Semin\u00e1rios; E- Est\u00e1gios; TU- Tutoriais; <\/span><span>OT \u2013 Orienta\u00e7\u00e3o tutorial; O- Outras (Avalia\u00e7\u00f5es)<\/span><\/p>\n<p>[\/et_pb_toggle][et_pb_toggle title=&#8221;Regulamento&#8221; _builder_version=&#8221;4.21.0&#8243; _module_preset=&#8221;c2643d29-0154-4926-bda2-07bd3f5bd4bc&#8221; global_colors_info=&#8221;{}&#8221;]<\/p>\n<p>Consulta <a href=\"https:\/\/esav.ipv.pt\/wp-content\/uploads\/sites\/7\/2023\/12\/Regulamento-MEVAC-2023.pdf\" target=\"_blank\" rel=\"noopener\">aqui <\/a>o regulamento<\/p>\n<p>[\/et_pb_toggle][\/et_pb_column][et_pb_column type=&#8221;1_3&#8243; _builder_version=&#8221;4.16&#8243; _module_preset=&#8221;default&#8221; global_colors_info=&#8221;{}&#8221;][et_pb_text _builder_version=&#8221;4.21.0&#8243; _module_preset=&#8221;6150732f-2171-4f69-8785-79a2e334a76d&#8221; text_font_size=&#8221;14px&#8221; text_line_height=&#8221;16px&#8221; link_font=&#8221;PV Sans Regular||||on|||RGBA(0,0,0,0)|&#8221; global_colors_info=&#8221;{}&#8221;]<\/p>\n<p><strong>Designa\u00e7\u00e3o:<\/strong><br \/>Enfermagem Veterin\u00e1ria em Animais de Companhia<\/p>\n<p><strong>\u00c1rea de forma\u00e7\u00e3o:<\/strong><br \/>Ci\u00eancias Veterin\u00e1rias<\/p>\n<p><strong>Grau conferido:<\/strong><br \/>P\u00f3s-Gradua\u00e7\u00e3o \/ Mestrado<\/p>\n<p><strong>Dura\u00e7\u00e3o:<\/strong><br \/>2 anos letivos \/ 4 semestres<\/p>\n<p><strong>Departamento:<\/strong><br \/>Departamento de Zootecnia, Engenharia Rural e Veterin\u00e1ria (DZERV)<\/p>\n<p><strong>Diretor de curso:<\/strong><br \/><span style=\"color: #339966\"><a style=\"color: #339966\" href=\"mailto:hvala@esav.ipv.pt\">Helena Maria Vala Correia<\/a><\/span><\/p>\n<p><strong>Regime letivo:<\/strong><br \/>Diurno<\/p>\n<p><strong>N\u00ba de ECTS para obten\u00e7\u00e3o do grau:<\/strong><br \/>120 ECTS<\/p>\n<p>[\/et_pb_text][et_pb_text _builder_version=&#8221;4.21.0&#8243; _module_preset=&#8221;6150732f-2171-4f69-8785-79a2e334a76d&#8221; text_font_size=&#8221;14px&#8221; text_line_height=&#8221;16px&#8221; link_font=&#8221;PV Sans Regular||||on|||#004228|&#8221; custom_padding=&#8221;||0px|||&#8221; global_colors_info=&#8221;{}&#8221;]<\/p>\n<p><strong>\u00c1rea cientifica predominante<\/strong><br \/>Ci\u00eancias Veterin\u00e1rias<\/p>\n<p><strong>Provas de ingresso:<\/strong><br \/>Candidatura local<\/p>\n<p><strong>C\u00f3digo do estabelecimento \/ curso:<\/strong><br \/>3185 \/ M547<\/p>\n<p><strong>Pr\u00e9-requisitos:<\/strong><br \/>Sem pr\u00e9-requisitos.<\/p>\n<p><strong> Outras informa\u00e7\u00f5es:<\/strong><\/p>\n<p><strong>Empregabilidade<\/strong><br \/>Informa\u00e7\u00e3o estat\u00edstica: <a title=\"Empregabilidade DGEEC\" href=\"http:\/\/www.dgeec.mec.pt\/np4\/92\/\" target=\"_blank\" rel=\"noopener\">DGEEC<\/a><\/p>\n<p>[\/et_pb_text][et_pb_toggle title=&#8221;Avalia\u00e7\u00e3o\/Acredita\u00e7\u00e3o do Curso pela A3ES&#8221; _builder_version=&#8221;4.25.2&#8243; _module_preset=&#8221;c2643d29-0154-4926-bda2-07bd3f5bd4bc&#8221; hover_enabled=&#8221;0&#8243; global_colors_info=&#8221;{}&#8221; sticky_enabled=&#8221;0&#8243;]<\/p>\n<p><span><br \/><strong>Decis\u00e3o e data da publicita\u00e7\u00e3o: <\/strong><\/span><\/p>\n<blockquote>\n<p><span>Acreditado (6 anos) | 28-09-2022<\/span><\/p>\n<\/blockquote>\n<blockquote>\n<p><span><\/span><span><strong>Mais informa\u00e7\u00e3o:<\/strong> <span style=\"color: #19ac49\"><a title=\"Delibera\u00e7\u00e3o da A3ES\" href=\"https:\/\/a3es.pt\/pt\/resultados-acreditacao\/mestrado-em-enfermagem-veterinaria-em-animais-de-companhia-1\" target=\"_blank\" rel=\"noopener\" style=\"color: #19ac49\">consultar delibera\u00e7\u00e3o da A3ES<\/a><\/span><br \/><\/span><\/p>\n<p><strong>Relat\u00f3rio anual no \u00e2mbito do SIGQ:<\/strong><\/p>\n<p>Relat\u00f3rio Curso 2019-2020<\/p>\n<\/blockquote>\n<blockquote>\n<p><strong>Relat\u00f3rio preliminar da CAE:<\/strong><\/p>\n<p><a href=\"https:\/\/ipv.pt\/wp-content\/uploads\/2023\/11\/2022esav_mevac_ae.pdf\" target=\"_blank\" rel=\"noopener\" title=\"Relat\u00f3rio\">Relat\u00f3rio CAE<\/a><\/p>\n<\/blockquote>\n<p>&nbsp;<\/p>\n<blockquote>\n<p><span><strong>Relat\u00f3rio Autovalia\u00e7\u00e3o<\/strong><br \/><a href=\"https:\/\/ipv.pt\/wp-content\/uploads\/2023\/11\/2022esav_mevac_aa.pdf\" target=\"_blank\" rel=\"noopener\">Relat\u00f3rio<\/a><\/span><\/p>\n<\/blockquote>\n<p>[\/et_pb_toggle][\/et_pb_column][\/et_pb_row][\/et_pb_section]<\/p>\n","protected":false},"excerpt":{"rendered":"<p>Mestrado &#8211; Ciclo de Estudos conducente ao Grau de Mestre em Enfermagem Veterin\u00e1ria em Animais de Companhia, grau conjunto de v\u00e1rias universidades.<\/p>\n","protected":false},"author":1,"featured_media":0,"parent":0,"menu_order":0,"comment_status":"closed","ping_status":"closed","template":"","meta":{"_et_pb_use_builder":"on","_et_pb_old_content":"","_et_gb_content_width":"","inline_featured_image":false,"footnotes":""},"class_list":["post-68799","page","type-page","status-publish","hentry"],"_links":{"self":[{"href":"https:\/\/esav.ipv.pt\/en\/wp-json\/wp\/v2\/pages\/68799","targetHints":{"allow":["GET"]}}],"collection":[{"href":"https:\/\/esav.ipv.pt\/en\/wp-json\/wp\/v2\/pages"}],"about":[{"href":"https:\/\/esav.ipv.pt\/en\/wp-json\/wp\/v2\/types\/page"}],"author":[{"embeddable":true,"href":"https:\/\/esav.ipv.pt\/en\/wp-json\/wp\/v2\/users\/1"}],"replies":[{"embeddable":true,"href":"https:\/\/esav.ipv.pt\/en\/wp-json\/wp\/v2\/comments?post=68799"}],"version-history":[{"count":5,"href":"https:\/\/esav.ipv.pt\/en\/wp-json\/wp\/v2\/pages\/68799\/revisions"}],"predecessor-version":[{"id":71820,"href":"https:\/\/esav.ipv.pt\/en\/wp-json\/wp\/v2\/pages\/68799\/revisions\/71820"}],"wp:attachment":[{"href":"https:\/\/esav.ipv.pt\/en\/wp-json\/wp\/v2\/media?parent=68799"}],"curies":[{"name":"wp","href":"https:\/\/api.w.org\/{rel}","templated":true}]}}