{"id":68798,"date":"2023-07-12T11:35:00","date_gmt":"2023-07-12T11:35:00","guid":{"rendered":"https:\/\/esav.ipv.pt\/study\/mestrados\/"},"modified":"2024-03-13T17:42:42","modified_gmt":"2024-03-13T17:42:42","slug":"mestrados","status":"publish","type":"page","link":"https:\/\/esav.ipv.pt\/en\/study\/mestrados\/","title":{"rendered":"Mestrados"},"content":{"rendered":"<p>[et_pb_section fb_built=&#8221;1&#8243; _builder_version=&#8221;4.21.0&#8243; _module_preset=&#8221;76b42161-a657-40ce-8147-c3d1d32e62a0&#8243; background_image=&#8221;https:\/\/esav.ipv.pt\/wp-content\/uploads\/sites\/7\/2023\/07\/estudar.jpg&#8221; min_height=&#8221;44px&#8221; max_height=&#8221;500px&#8221; custom_padding=&#8221;0px||0px||true|false&#8221; collapsed=&#8221;off&#8221; global_colors_info=&#8221;{}&#8221;][et_pb_row _builder_version=&#8221;4.21.0&#8243; _module_preset=&#8221;f5c90bbb-b39a-4d65-af55-f7db7f1dfa90&#8243; min_height=&#8221;218.4px&#8221; global_colors_info=&#8221;{}&#8221;][et_pb_column type=&#8221;4_4&#8243; _builder_version=&#8221;4.16&#8243; _module_preset=&#8221;default&#8221; global_colors_info=&#8221;{}&#8221;][et_pb_text admin_label=&#8221;Text&#8221; _builder_version=&#8221;4.21.0&#8243; _module_preset=&#8221;113f3722-53e0-4b39-a0f6-4b57c5723745&#8243; text_font=&#8221;|800|||||||&#8221; text_text_color=&#8221;#ffffff&#8221; text_font_size=&#8221;60px&#8221; text_line_height=&#8221;64px&#8221; global_colors_info=&#8221;{}&#8221;]<\/p>\n<h2>Courses<\/h2>\n<p>[\/et_pb_text][\/et_pb_column][\/et_pb_row][\/et_pb_section][et_pb_section fb_built=&#8221;1&#8243; _builder_version=&#8221;4.21.0&#8243; _module_preset=&#8221;default&#8221; background_color=&#8221;#FFFFFF&#8221; custom_padding=&#8221;0px||0px||true|false&#8221; sticky_position=&#8221;top&#8221; locked=&#8221;off&#8221; global_colors_info=&#8221;{}&#8221;][et_pb_row _builder_version=&#8221;4.21.0&#8243; _module_preset=&#8221;default&#8221; custom_padding=&#8221;0px|10%|0px|10%|true|true&#8221; global_colors_info=&#8221;%91%93&#8243;][et_pb_column type=&#8221;4_4&#8243; _builder_version=&#8221;4.21.0&#8243; _module_preset=&#8221;default&#8221; border_width_bottom=&#8221;1px&#8221; border_color_bottom=&#8221;#2B2E34&#8243; global_colors_info=&#8221;{}&#8221;][et_pb_menu menu_id=&#8221;20&#8243; module_class=&#8221;ipv-page-submenu&#8221; _builder_version=&#8221;4.21.0&#8243; _module_preset=&#8221;default&#8221; menu_text_color=&#8221;#2B2E34&#8243; menu_font_size=&#8221;13px&#8221; background_color=&#8221;RGBA(255,255,255,0)&#8221; custom_padding=&#8221;4px||4px||true|false&#8221; global_colors_info=&#8221;{}&#8221;][\/et_pb_menu][\/et_pb_column][\/et_pb_row][\/et_pb_section][et_pb_section fb_built=&#8221;1&#8243; admin_label=&#8221;Agr\u00e1ria&#8221; _builder_version=&#8221;4.21.0&#8243; _module_preset=&#8221;9ca02252-3eb5-41c8-99d1-d555767215f9&#8243; background_color=&#8221;#f2f2f2&#8243; custom_padding=&#8221;29px||29px||true|false&#8221; locked=&#8221;off&#8221; collapsed=&#8221;on&#8221; global_colors_info=&#8221;{}&#8221;][et_pb_row module_id=&#8221;ctesp&#8221; _builder_version=&#8221;4.16&#8243; _module_preset=&#8221;ec94513a-c90c-4143-a103-ccf0ec6321e2&#8243; global_colors_info=&#8221;{}&#8221;][et_pb_column type=&#8221;4_4&#8243; _builder_version=&#8221;4.16&#8243; _module_preset=&#8221;default&#8221; global_colors_info=&#8221;{}&#8221;][et_pb_text _builder_version=&#8221;4.21.0&#8243; _module_preset=&#8221;6150732f-2171-4f69-8785-79a2e334a76d&#8221; header_2_text_align=&#8221;center&#8221; header_2_font_size=&#8221;33px&#8221; header_3_font=&#8221;PV Sans Bold|||on|||||&#8221; header_3_text_align=&#8221;center&#8221; global_colors_info=&#8221;{}&#8221;]<\/p>\n<h3>Master&#8217;s degree<\/h3>\n<p>[\/et_pb_text][\/et_pb_column][\/et_pb_row][et_pb_row column_structure=&#8221;1_3,1_3,1_3&#8243; _builder_version=&#8221;4.21.0&#8243; _module_preset=&#8221;c04aeb5a-0129-4eb5-916a-bafd094a569a&#8221; global_colors_info=&#8221;{}&#8221;][et_pb_column type=&#8221;1_3&#8243; _builder_version=&#8221;4.16&#8243; _module_preset=&#8221;default&#8221; global_colors_info=&#8221;{}&#8221;][et_pb_text _builder_version=&#8221;4.21.0&#8243; _dynamic_attributes=&#8221;link_option_url&#8221; _module_preset=&#8221;c5b4ad67-278a-4a02-8c99-cc8f8263e223&#8243; text_font=&#8221;PV Sans Regular|||on|||||&#8221; text_font_size=&#8221;19px&#8221; background_color=&#8221;#FFFFFF&#8221; link_option_url=&#8221;@ET-DC@eyJkeW5hbWljIjp0cnVlLCJjb250ZW50IjoicG9zdF9saW5rX3VybF9wYWdlIiwic2V0dGluZ3MiOnsicG9zdF9pZCI6IjUxMDQwIn19@&#8221; border_width_all=&#8221;11px&#8221; border_color_all=&#8221;#FFFFFF&#8221; global_colors_info=&#8221;{}&#8221; transform_styles__hover_enabled=&#8221;on|desktop&#8221; transform_scale__hover_enabled=&#8221;on|desktop&#8221; transform_translate__hover_enabled=&#8221;on|desktop&#8221; transform_rotate__hover_enabled=&#8221;on|desktop&#8221; transform_skew__hover_enabled=&#8221;on|desktop&#8221; transform_origin__hover_enabled=&#8221;on|desktop&#8221; transform_scale__hover=&#8221;110%|110%&#8221;]<\/p>\n<blockquote>\n<p>Food quality and technology<\/p>\n<\/blockquote>\n<p>[\/et_pb_text][\/et_pb_column][et_pb_column type=&#8221;1_3&#8243; _builder_version=&#8221;4.16&#8243; _module_preset=&#8221;default&#8221; global_colors_info=&#8221;{}&#8221;][et_pb_text _builder_version=&#8221;4.21.0&#8243; _dynamic_attributes=&#8221;link_option_url&#8221; _module_preset=&#8221;c5b4ad67-278a-4a02-8c99-cc8f8263e223&#8243; text_font=&#8221;PV Sans Regular|||on|||||&#8221; text_font_size=&#8221;19px&#8221; background_color=&#8221;#FFFFFF&#8221; link_option_url=&#8221;@ET-DC@eyJkeW5hbWljIjp0cnVlLCJjb250ZW50IjoicG9zdF9saW5rX3VybF9wYWdlIiwic2V0dGluZ3MiOnsicG9zdF9pZCI6IjUxMDQ3In19@&#8221; border_width_all=&#8221;11px&#8221; border_color_all=&#8221;#FFFFFF&#8221; global_colors_info=&#8221;{}&#8221; transform_styles__hover_enabled=&#8221;on|desktop&#8221; transform_scale__hover_enabled=&#8221;on|desktop&#8221; transform_translate__hover_enabled=&#8221;on|desktop&#8221; transform_rotate__hover_enabled=&#8221;on|desktop&#8221; transform_skew__hover_enabled=&#8221;on|desktop&#8221; transform_origin__hover_enabled=&#8221;on|desktop&#8221; transform_scale__hover=&#8221;110%|110%&#8221;]<\/p>\n<blockquote>\n<p>Animal Production Technologies<\/p>\n<\/blockquote>\n<p>[\/et_pb_text][\/et_pb_column][et_pb_column type=&#8221;1_3&#8243; _builder_version=&#8221;4.16&#8243; _module_preset=&#8221;default&#8221; global_colors_info=&#8221;{}&#8221;][et_pb_text _builder_version=&#8221;4.21.0&#8243; _dynamic_attributes=&#8221;link_option_url&#8221; _module_preset=&#8221;c5b4ad67-278a-4a02-8c99-cc8f8263e223&#8243; text_font=&#8221;PV Sans Regular|||on|||||&#8221; text_font_size=&#8221;19px&#8221; background_color=&#8221;#FFFFFF&#8221; link_option_url=&#8221;@ET-DC@eyJkeW5hbWljIjp0cnVlLCJjb250ZW50IjoicG9zdF9saW5rX3VybF9wYWdlIiwic2V0dGluZ3MiOnsicG9zdF9pZCI6IjUxMDM1In19@&#8221; border_width_all=&#8221;11px&#8221; border_color_all=&#8221;#FFFFFF&#8221; global_colors_info=&#8221;{}&#8221; transform_styles__hover_enabled=&#8221;on|desktop&#8221; transform_scale__hover_enabled=&#8221;on|desktop&#8221; transform_translate__hover_enabled=&#8221;on|desktop&#8221; transform_rotate__hover_enabled=&#8221;on|desktop&#8221; transform_skew__hover_enabled=&#8221;on|desktop&#8221; transform_origin__hover_enabled=&#8221;on|desktop&#8221; transform_scale__hover=&#8221;110%|110%&#8221;]<\/p>\n<blockquote>\n<p>Veterinary Nursing of domestic Animals<\/p>\n<\/blockquote>\n<p>[\/et_pb_text][\/et_pb_column][\/et_pb_row][et_pb_row column_structure=&#8221;1_3,1_3,1_3&#8243; disabled_on=&#8221;off|off|off&#8221; _builder_version=&#8221;4.21.0&#8243; _module_preset=&#8221;c04aeb5a-0129-4eb5-916a-bafd094a569a&#8221; global_colors_info=&#8221;{}&#8221;][et_pb_column type=&#8221;1_3&#8243; _builder_version=&#8221;4.16&#8243; _module_preset=&#8221;default&#8221; global_colors_info=&#8221;{}&#8221;][et_pb_text _builder_version=&#8221;4.21.0&#8243; _dynamic_attributes=&#8221;link_option_url&#8221; _module_preset=&#8221;c5b4ad67-278a-4a02-8c99-cc8f8263e223&#8243; text_font=&#8221;PV Sans Regular|||on|||||&#8221; text_font_size=&#8221;19px&#8221; background_color=&#8221;#FFFFFF&#8221; link_option_url=&#8221;@ET-DC@eyJkeW5hbWljIjp0cnVlLCJjb250ZW50IjoicG9zdF9saW5rX3VybF9wYWdlIiwic2V0dGluZ3MiOnsicG9zdF9pZCI6IjUxMDUzIn19@&#8221; border_width_all=&#8221;11px&#8221; border_color_all=&#8221;#FFFFFF&#8221; global_colors_info=&#8221;{}&#8221; transform_styles__hover_enabled=&#8221;on|desktop&#8221; transform_scale__hover_enabled=&#8221;on|desktop&#8221; transform_translate__hover_enabled=&#8221;on|desktop&#8221; transform_rotate__hover_enabled=&#8221;on|desktop&#8221; transform_skew__hover_enabled=&#8221;on|desktop&#8221; transform_origin__hover_enabled=&#8221;on|desktop&#8221; transform_scale__hover=&#8221;110%|110%&#8221;]<\/p>\n<blockquote>\n<p>Agronomic Engineering<\/p>\n<\/blockquote>\n<p>[\/et_pb_text][\/et_pb_column][et_pb_column type=&#8221;1_3&#8243; _builder_version=&#8221;4.16&#8243; _module_preset=&#8221;default&#8221; global_colors_info=&#8221;{}&#8221;][\/et_pb_column][et_pb_column type=&#8221;1_3&#8243; _builder_version=&#8221;4.16&#8243; _module_preset=&#8221;default&#8221; global_colors_info=&#8221;{}&#8221;][\/et_pb_column][\/et_pb_row][et_pb_row _builder_version=&#8221;4.21.0&#8243; _module_preset=&#8221;ec94513a-c90c-4143-a103-ccf0ec6321e2&#8243; global_colors_info=&#8221;{}&#8221;][et_pb_column type=&#8221;4_4&#8243; _builder_version=&#8221;4.16&#8243; _module_preset=&#8221;default&#8221; global_colors_info=&#8221;{}&#8221;][et_pb_text _builder_version=&#8221;4.21.0&#8243; _module_preset=&#8221;6150732f-2171-4f69-8785-79a2e334a76d&#8221; header_2_text_align=&#8221;left&#8221; header_2_font_size=&#8221;23px&#8221; global_colors_info=&#8221;{}&#8221;]<\/p>\n<h3>Description<\/h3>\n<p>[\/et_pb_text][et_pb_text _builder_version=&#8221;4.21.0&#8243; _module_preset=&#8221;6150732f-2171-4f69-8785-79a2e334a76d&#8221; locked=&#8221;off&#8221; global_colors_info=&#8221;{}&#8221;]<\/p>\n<p align=\"normal\">According to paragraph 1 of article 18 of Decree-Law no. 74\/2006, of 24 March, in its current wording, the cycle of studies leading to a master&#8217;s degree has 90 to 120 credits and a normal duration of between three and four curricular semesters of student work.<\/p>\n<p align=\"normal\">The master&#8217;s degree is conferred in a specialty, and when necessary, the specialties may be divided into areas of specialization.<\/p>\n<p align=\"normal\">In polytechnic education, master&#8217;s degrees predominantly ensure the acquisition of a specialization of a professional nature, with a strong component of scientific training that aims at the development of a critical vision and the acquisition of professional skills, with greater autonomy, through the research to be carried out.<\/p>\n<p>[\/et_pb_text][et_pb_toggle title=&#8221;Condi\u00e7\u00f5es de Acesso&#8221; _builder_version=&#8221;4.21.0&#8243; _module_preset=&#8221;99c211e5-e4cd-4e40-99f5-0ec94cda6c4a&#8221; global_colors_info=&#8221;{}&#8221;]<\/p>\n<p>1. The following may apply for access to the cycle of studies leading to the Master&#8217;s degree:<\/p>\n<p style=\"padding-left: 40px\">a) Holders of a bachelor&#8217;s degree organized in 180 ECTS or legal equivalent;<\/p>\n<p style=\"padding-left: 40px\">b) Holders of a foreign higher academic degree conferred following a 1st cycle of studies organized in accordance with the Bologna principles by a state adhering to this Process;<\/p>\n<p style=\"padding-left: 40px\">c) Holders of a foreign higher academic degree that is recognized as meeting the objectives of the bachelor&#8217;s degree, by the respective Technical-Scientific Council;<\/p>\n<p style=\"padding-left: 40px\">d) Holders of an academic, scientific or professional curriculum, which is recognized as attesting to the ability to carry out this cycle of studies by the Technical-Scientific Council;<\/p>\n<p style=\"padding-left: 40px\">e) Holders of a two-year bachelor&#8217;s degree or a bachelor&#8217;s degree organized in 300 ECTS or legal equivalent, preferably in courses in the area;<\/p>\n<p>The recognition referred to in paragraph 1(b) and (d) has the effect only of granting access to the cycle of studies leading to a master&#8217;s degree and does not confer on its holder the equivalence to the bachelor&#8217;s degree or recognition of this degree.<\/p>\n<p>[\/et_pb_toggle][et_pb_text _builder_version=&#8221;4.16&#8243; _module_preset=&#8221;c5b4ad67-278a-4a02-8c99-cc8f8263e223&#8243; header_2_text_align=&#8221;left&#8221; header_2_text_color=&#8221;#004228&#8243; header_2_font_size=&#8221;23px&#8221; global_colors_info=&#8221;{}&#8221;][\/et_pb_text][\/et_pb_column][\/et_pb_row][et_pb_row _builder_version=&#8221;4.21.0&#8243; _module_preset=&#8221;ec94513a-c90c-4143-a103-ccf0ec6321e2&#8243; background_color=&#8221;RGBA(255,255,255,0)&#8221; max_width=&#8221;2560px&#8221; global_colors_info=&#8221;{}&#8221;][et_pb_column type=&#8221;4_4&#8243; _builder_version=&#8221;4.16&#8243; _module_preset=&#8221;default&#8221; global_colors_info=&#8221;{}&#8221;][et_pb_contact_form email=&#8221;servicosacademicos@esav.ipv.pt&#8221; title=&#8221;Questions? Get in touch with our Academic Services.&#8221; custom_message=&#8221;Nome: %%name%%||et_pb_line_break_holder||Email: %%Email%%||et_pb_line_break_holder||Mensagem: %%Message%%&#8221; success_message=&#8221;Message sent successfully&#8221; submit_button_text=&#8221;Send&#8221; _builder_version=&#8221;4.21.0&#8243; _module_preset=&#8221;default&#8221; _unique_id=&#8221;401e4d1d-af77-4c76-b379-df832688111b&#8221; custom_button=&#8221;on&#8221; button_text_size=&#8221;18px&#8221; button_text_color=&#8221;#004228&#8243; button_border_width=&#8221;0px&#8221; button_border_radius=&#8221;23px&#8221; button_letter_spacing=&#8221;1px&#8221; button_font=&#8221;PV Sans Bold|||on|||||&#8221; button_use_icon=&#8221;off&#8221; button_custom_margin=&#8221;18px|-5px|4px|14px|false|false&#8221; button_custom_padding=&#8221;5px||0px||false|false&#8221; module_alignment=&#8221;center&#8221; box_shadow_style=&#8221;preset2&#8243; box_shadow_style_button=&#8221;preset2&#8243; global_colors_info=&#8221;{}&#8221;][et_pb_contact_field field_id=&#8221;Name&#8221; field_title=&#8221;Name&#8221; _builder_version=&#8221;4.21.0&#8243; _module_preset=&#8221;default&#8221; global_colors_info=&#8221;{}&#8221; button_text_size__hover_enabled=&#8221;off&#8221; button_one_text_size__hover_enabled=&#8221;off&#8221; button_two_text_size__hover_enabled=&#8221;off&#8221; button_text_color__hover_enabled=&#8221;off&#8221; button_one_text_color__hover_enabled=&#8221;off&#8221; button_two_text_color__hover_enabled=&#8221;off&#8221; button_border_width__hover_enabled=&#8221;off&#8221; button_one_border_width__hover_enabled=&#8221;off&#8221; button_two_border_width__hover_enabled=&#8221;off&#8221; button_border_color__hover_enabled=&#8221;off&#8221; button_one_border_color__hover_enabled=&#8221;off&#8221; button_two_border_color__hover_enabled=&#8221;off&#8221; button_border_radius__hover_enabled=&#8221;off&#8221; button_one_border_radius__hover_enabled=&#8221;off&#8221; button_two_border_radius__hover_enabled=&#8221;off&#8221; button_letter_spacing__hover_enabled=&#8221;off&#8221; button_one_letter_spacing__hover_enabled=&#8221;off&#8221; button_two_letter_spacing__hover_enabled=&#8221;off&#8221; button_bg_color__hover_enabled=&#8221;off&#8221; button_one_bg_color__hover_enabled=&#8221;off&#8221; button_two_bg_color__hover_enabled=&#8221;off&#8221;][\/et_pb_contact_field][et_pb_contact_field field_id=&#8221;Email&#8221; field_title=&#8221;Email&#8221; field_type=&#8221;email&#8221; _builder_version=&#8221;4.21.0&#8243; _module_preset=&#8221;default&#8221; global_colors_info=&#8221;{}&#8221; button_text_size__hover_enabled=&#8221;off&#8221; button_one_text_size__hover_enabled=&#8221;off&#8221; button_two_text_size__hover_enabled=&#8221;off&#8221; button_text_color__hover_enabled=&#8221;off&#8221; button_one_text_color__hover_enabled=&#8221;off&#8221; button_two_text_color__hover_enabled=&#8221;off&#8221; button_border_width__hover_enabled=&#8221;off&#8221; button_one_border_width__hover_enabled=&#8221;off&#8221; button_two_border_width__hover_enabled=&#8221;off&#8221; button_border_color__hover_enabled=&#8221;off&#8221; button_one_border_color__hover_enabled=&#8221;off&#8221; button_two_border_color__hover_enabled=&#8221;off&#8221; button_border_radius__hover_enabled=&#8221;off&#8221; button_one_border_radius__hover_enabled=&#8221;off&#8221; button_two_border_radius__hover_enabled=&#8221;off&#8221; button_letter_spacing__hover_enabled=&#8221;off&#8221; button_one_letter_spacing__hover_enabled=&#8221;off&#8221; button_two_letter_spacing__hover_enabled=&#8221;off&#8221; button_bg_color__hover_enabled=&#8221;off&#8221; button_one_bg_color__hover_enabled=&#8221;off&#8221; button_two_bg_color__hover_enabled=&#8221;off&#8221;][\/et_pb_contact_field][et_pb_contact_field field_id=&#8221;Message&#8221; field_title=&#8221;Message&#8221; field_type=&#8221;text&#8221; fullwidth_field=&#8221;on&#8221; _builder_version=&#8221;4.21.0&#8243; _module_preset=&#8221;default&#8221; global_colors_info=&#8221;{}&#8221; button_text_size__hover_enabled=&#8221;off&#8221; button_one_text_size__hover_enabled=&#8221;off&#8221; button_two_text_size__hover_enabled=&#8221;off&#8221; button_text_color__hover_enabled=&#8221;off&#8221; button_one_text_color__hover_enabled=&#8221;off&#8221; button_two_text_color__hover_enabled=&#8221;off&#8221; button_border_width__hover_enabled=&#8221;off&#8221; button_one_border_width__hover_enabled=&#8221;off&#8221; button_two_border_width__hover_enabled=&#8221;off&#8221; button_border_color__hover_enabled=&#8221;off&#8221; button_one_border_color__hover_enabled=&#8221;off&#8221; button_two_border_color__hover_enabled=&#8221;off&#8221; button_border_radius__hover_enabled=&#8221;off&#8221; button_one_border_radius__hover_enabled=&#8221;off&#8221; button_two_border_radius__hover_enabled=&#8221;off&#8221; button_letter_spacing__hover_enabled=&#8221;off&#8221; button_one_letter_spacing__hover_enabled=&#8221;off&#8221; button_two_letter_spacing__hover_enabled=&#8221;off&#8221; button_bg_color__hover_enabled=&#8221;off&#8221; button_one_bg_color__hover_enabled=&#8221;off&#8221; button_two_bg_color__hover_enabled=&#8221;off&#8221;][\/et_pb_contact_field][\/et_pb_contact_form][\/et_pb_column][\/et_pb_row][\/et_pb_section]<\/p>\n","protected":false},"excerpt":{"rendered":"<p>Conhe\u00e7a a oferta de Mestrados da ESAV. O grau de mestre \u00e9 conferido numa especialidade, podendo, quando necess\u00e1rio, as especialidades ser desdobradas em \u00e1reas de especializa\u00e7\u00e3o.<\/p>\n","protected":false},"author":1,"featured_media":0,"parent":54865,"menu_order":0,"comment_status":"closed","ping_status":"closed","template":"","meta":{"_et_pb_use_builder":"on","_et_pb_old_content":"","_et_gb_content_width":"","inline_featured_image":false,"footnotes":""},"class_list":["post-68798","page","type-page","status-publish","hentry"],"_links":{"self":[{"href":"https:\/\/esav.ipv.pt\/en\/wp-json\/wp\/v2\/pages\/68798","targetHints":{"allow":["GET"]}}],"collection":[{"href":"https:\/\/esav.ipv.pt\/en\/wp-json\/wp\/v2\/pages"}],"about":[{"href":"https:\/\/esav.ipv.pt\/en\/wp-json\/wp\/v2\/types\/page"}],"author":[{"embeddable":true,"href":"https:\/\/esav.ipv.pt\/en\/wp-json\/wp\/v2\/users\/1"}],"replies":[{"embeddable":true,"href":"https:\/\/esav.ipv.pt\/en\/wp-json\/wp\/v2\/comments?post=68798"}],"version-history":[{"count":5,"href":"https:\/\/esav.ipv.pt\/en\/wp-json\/wp\/v2\/pages\/68798\/revisions"}],"predecessor-version":[{"id":68829,"href":"https:\/\/esav.ipv.pt\/en\/wp-json\/wp\/v2\/pages\/68798\/revisions\/68829"}],"up":[{"embeddable":true,"href":"https:\/\/esav.ipv.pt\/en\/wp-json\/wp\/v2\/pages\/54865"}],"wp:attachment":[{"href":"https:\/\/esav.ipv.pt\/en\/wp-json\/wp\/v2\/media?parent=68798"}],"curies":[{"name":"wp","href":"https:\/\/api.w.org\/{rel}","templated":true}]}}